{"id":11296,"date":"2022-03-29T09:31:12","date_gmt":"2022-03-29T09:31:12","guid":{"rendered":"https:\/\/unbarriounafamilia.org\/?page_id=11296"},"modified":"2022-04-04T11:07:51","modified_gmt":"2022-04-04T11:07:51","slug":"objetivos","status":"publish","type":"page","link":"https:\/\/www.unbarriounafamilia.org\/?page_id=11296","title":{"rendered":"Objetivos"},"content":{"rendered":"\n<h2 class=\"wp-block-heading\"><strong>ANTECEDENTES<\/strong><\/h2>\n\n\n\n<p>Desde el pasado 24 de febrero ya han cruzado la frontera de Ucrania 3,5 millones de personas tratando de huir de la guerra. En Europa nos encontramos ante una situaci\u00f3n cr\u00edtica que no est\u00e1 siendo gestionada todo lo r\u00e1pido que cabr\u00eda esperar por las administraciones de pa\u00edses del primer mundo.<\/p>\n\n\n\n<p>Actualmente, todas las ONG con presencia internacional tratan de sostener con sus propios medios la ingente llegada de refugiados a los pa\u00edses lim\u00edtrofes a Ucrania. Es un hecho, que no podr\u00e1 darse una respuesta humanitaria que garantice a todas esas personas un hogar y los recursos necesarios para subsistir.<\/p>\n\n\n\n<p>El portavoz de UNICEF James Elder, declaraba 20 d\u00edas despu\u00e9s de que comenzara la guerra, que cada minuto 55 ni\u00f1os se convert\u00edan en nuevos refugiados, \u00a1eso es casi un ni\u00f1o por segundo!. Es una crisis sin precedentes desde la segunda guerra mundial y no hay demasiados indicios de que la situaci\u00f3n vaya a mejorar.&nbsp;<\/p>\n\n\n\n<h2 class=\"wp-block-heading\"><strong>QU\u00c9 SE PRETENDE<\/strong><\/h2>\n\n\n\n<p><\/p>\n\n\n\n<p>Aprender a dar acogida a las familias con menores.<\/p>\n\n\n\n<p>Mejorar las condiciones ofrecidas por las instituciones.&nbsp;<\/p>\n\n\n\n<p>Documentar y comunicar lo aprendido para que m\u00e1s barrios puedan replicarlo.<\/p>\n\n\n\n<p><\/p>\n\n\n\n<h2 class=\"wp-block-heading\"><strong>\u00bfC\u00d3MO SE PUEDE HACER?<\/strong><\/h2>\n\n\n\n<p><strong>Apadrinando o cubriendo las necesidades de una familia de forma particular o colectiva desde los barrios de Gran Canaria<\/strong><\/p>\n\n\n\n<p><\/p>\n\n\n\n<h2 class=\"wp-block-heading\"><strong>QU\u00c9 PUEDO HACER YO<\/strong><\/h2>\n\n\n\n<ul class=\"wp-block-list\"><li>Donar a esta u otras muchas entidades que recopilamos para ti<\/li><li>Conseguir o proporcionar alojamiento \u00bftienes o conoces a alguien con una casa vac\u00eda?<\/li><li>Implicar a mi barrio<\/li><li>Colaborar con otros barrios<\/li><li>Participar en el trabajo administrativo (Atender el correo, tlf etc.)<\/li><li>Compartir la informaci\u00f3n del proyecto<\/li><\/ul>\n\n\n\n<p>Estamos intentando contribuir a atender las necesidades de la gente que llega y seguir\u00e1 llegando, para que puedan acceder a alojamiento, comida, ropa, atenci\u00f3n m\u00e9dica y psico social, etc. Estamos buscando casas vac\u00edas que est\u00e9n en disposici\u00f3n de alojar familias de forma temporal, estamos rehabilitando casas y tejiendo redes con las administraciones y otras entidades. Y lo m\u00e1s importante es que estamos intentando tratar a la gente como nos gustar\u00eda que nos tratasen si estuvi\u00e9semos en su lugar.<\/p>\n\n\n\n<p>Para todo ello no basta con la incre\u00edble implicaci\u00f3n voluntaria de las decenas de personas y entidades que est\u00e1n colaborando, por eso te invitamos a participar en esta importante labor, a donar a esta peque\u00f1a causa o a la que prefieras de las muchas que hemos intentado recopilar.<\/p>\n","protected":false},"excerpt":{"rendered":"<p>ANTECEDENTES Desde el pasado 24 de febrero ya han cruzado la frontera de Ucrania 3,5 millones de personas tratando de huir de la guerra. En Europa nos encontramos ante una situaci\u00f3n cr\u00edtica que no est\u00e1 siendo gestionada todo lo r\u00e1pido que cabr\u00eda esperar por las administraciones de pa\u00edses del primer mundo. Actualmente, todas las ONG<br \/><a class=\"moretag\" href=\"https:\/\/www.unbarriounafamilia.org\/?page_id=11296\">+ M\u00e1s informaci\u00f3n<\/a><\/p>\n","protected":false},"author":4,"featured_media":0,"parent":0,"menu_order":0,"comment_status":"closed","ping_status":"closed","template":"","meta":{"spay_email":"","footnotes":""},"class_list":["post-11296","page","type-page","status-publish","hentry"],"_links":{"self":[{"href":"https:\/\/www.unbarriounafamilia.org\/index.php?rest_route=\/wp\/v2\/pages\/11296","targetHints":{"allow":["GET"]}}],"collection":[{"href":"https:\/\/www.unbarriounafamilia.org\/index.php?rest_route=\/wp\/v2\/pages"}],"about":[{"href":"https:\/\/www.unbarriounafamilia.org\/index.php?rest_route=\/wp\/v2\/types\/page"}],"author":[{"embeddable":true,"href":"https:\/\/www.unbarriounafamilia.org\/index.php?rest_route=\/wp\/v2\/users\/4"}],"replies":[{"embeddable":true,"href":"https:\/\/www.unbarriounafamilia.org\/index.php?rest_route=%2Fwp%2Fv2%2Fcomments&post=11296"}],"version-history":[{"count":4,"href":"https:\/\/www.unbarriounafamilia.org\/index.php?rest_route=\/wp\/v2\/pages\/11296\/revisions"}],"predecessor-version":[{"id":11423,"href":"https:\/\/www.unbarriounafamilia.org\/index.php?rest_route=\/wp\/v2\/pages\/11296\/revisions\/11423"}],"wp:attachment":[{"href":"https:\/\/www.unbarriounafamilia.org\/index.php?rest_route=%2Fwp%2Fv2%2Fmedia&parent=11296"}],"curies":[{"name":"wp","href":"https:\/\/api.w.org\/{rel}","templated":true}]}}