{"id":11298,"date":"2022-03-29T09:31:37","date_gmt":"2022-03-29T09:31:37","guid":{"rendered":"https:\/\/unbarriounafamilia.org\/?page_id=11298"},"modified":"2022-04-27T12:00:01","modified_gmt":"2022-04-27T12:00:01","slug":"quienes-somos","status":"publish","type":"page","link":"https:\/\/www.unbarriounafamilia.org\/?page_id=11298","title":{"rendered":"Qui\u00e9nes Somos"},"content":{"rendered":"\n<p>Somos gente que un d\u00eda se encontr\u00f3 a personas refugiadas en la puerta de su casa, personas que hab\u00edan salido de sus casas con lo puesto y no dispon\u00edan de recursos propios para atender sus necesidades b\u00e1sicas. Somos personas que no dudaron en abrir las puertas de esas mismas casas para acoger a esas familias con menores a su cargo. <\/p>\n\n\n\n<p>Somos personas con sensibilidades diferentes que quieren ayudar a las entidades e instituciones que ya est\u00e1n trabajando en esta crisis desde el minuto uno para que su labor sea m\u00e1s efectiva.&nbsp; Somos gente impactada por lo que ve en las noticias en una guerra sin sentido. Una guerra que est\u00e1 afectando muy directamente a la infancia y a las mujeres que salen del pa\u00eds a millones, huyendo de la barbarie. Somos gente preocupada porque esta guerra es diferente a las que ya existen en el planeta y tampoco tienen justificaci\u00f3n. Esta guerra la inicia la segunda potencia militar y nuclear m\u00e1s importante que ha existido en la historia de la humanidad, por eso el mensaje de rechazo a las guerras y apoyo a la solidaridad debe ser m\u00e1s alto que nunca.<\/p>\n\n\n\n<p>Somos gente activa que suele participar en m\u00faltiples causas y que ahora se ha unido para aportar su granito de arena a esta emergencia donde la ayuda de kil\u00f3metro cero, es decir, la que hacemos desde nuestras casas, en nuestro d\u00eda a d\u00eda y desde nuestros barrios o municipios, va a ser imprescindible.<\/p>\n\n\n\n<p>Somos gente que con el soporte de las asociaci\u00f3n <a href=\"http:\/\/www.violenciacero.org\"><strong>Violenciacero<\/strong><\/a> y el apoyo de <a href=\"https:\/\/adacis.org\/\"><strong>ADACIS<\/strong><\/a>, la <strong>Asociaci\u00f3n Ucraniana\u201dDos Tierras Dos Soles<\/strong>\u201d, la <strong>Asociaci\u00f3n Canarias con Chernobil<\/strong> o entidades como la agencia de divulgaci\u00f3n <a href=\"http:\/\/www.oceanografica.com\"><strong>Oceanogr\u00e1fica<\/strong><\/a>, la empresa de creatividad <a href=\"http:\/\/www.etresd.com\/\"><strong>EtresD<\/strong><\/a> o <a href=\"https:\/\/www.contodaseguridad.com\/\"><strong>Con Toda Seguridad<\/strong><\/a>, te animan a movilizarte y a ocupar un lugar activo en ser una soluci\u00f3n a los problemas de la guerra y a pedir que pare. <\/p>\n\n\n\n<p>Queremos transmitir tambi\u00e9n un agradecimiento muy especial por su colaboraci\u00f3n a:<\/p>\n\n\n\n<ul class=\"wp-block-list\"><li>Ayuntamiento de Las Palmas de Gran Canaria<\/li><li><a href=\"http:\/\/logitranscanarias.com\/\">Logitrans<\/a> (Telde)<\/li><li><a href=\"https:\/\/d.facebook.com\/ferjolpin\/\">Agencia Inmobiliaria Ferjolpin<\/a> (Carrizal)<\/li><li><a href=\"https:\/\/tusity-wow-las-palmas-de-gran-canaria.hotelmix.es\/?_ga=2.194577965.1845867363.1650463384-2083374635.1650463384&amp;_ga=2.194577965.1845867363.1650463384-2083374635.1650463384\">Hotel Tusity WOW<\/a> (Las Palmas de Gran Canaria)<\/li><li>Puestos del Mercado Municipal de Telde<\/li><li><a href=\"https:\/\/www.lasterrazasoutlet.com\/es\/deportes\/decimas\">D\u00e9cimas <\/a>(CC Las Terrazas, Telde)<\/li><li><a href=\"http:\/\/marcoojedapoliclinicadental.es\">Cl\u00ednica Dental Marco Ojeda<\/a> (Las Palmas de Gran Canaria)<\/li><li><a href=\"https:\/\/www.facebook.com\/GouveiaAbogada\">Despacho de abogados Queila Gouveia<\/a> (Las Palmas de Gran Canaria)<\/li><li><a href=\"https:\/\/www.facebook.com\/restaurantepizzeriaveneciamelenara\/\">Restaurante Venecia<\/a> (Telde)<\/li><li><a href=\"https:\/\/www.facebook.com\/CentroVeterinarioCarrizal\">Centro veterinario Carrizal<\/a><\/li><li><a href=\"https:\/\/www.facebook.com\/segundaoportunidadanimal\/\">Segunda Oportunidad Animal Canaria<\/a> (Arucas)<\/li><\/ul>\n","protected":false},"excerpt":{"rendered":"<p>Somos gente que un d\u00eda se encontr\u00f3 a personas refugiadas en la puerta de su casa, personas que hab\u00edan salido de sus casas con lo puesto y no dispon\u00edan de recursos propios para atender sus necesidades b\u00e1sicas. Somos personas que no dudaron en abrir las puertas de esas mismas casas para acoger a esas familias<br \/><a class=\"moretag\" href=\"https:\/\/www.unbarriounafamilia.org\/?page_id=11298\">+ M\u00e1s informaci\u00f3n<\/a><\/p>\n","protected":false},"author":4,"featured_media":0,"parent":0,"menu_order":0,"comment_status":"closed","ping_status":"closed","template":"","meta":{"spay_email":"","footnotes":""},"class_list":["post-11298","page","type-page","status-publish","hentry"],"_links":{"self":[{"href":"https:\/\/www.unbarriounafamilia.org\/index.php?rest_route=\/wp\/v2\/pages\/11298","targetHints":{"allow":["GET"]}}],"collection":[{"href":"https:\/\/www.unbarriounafamilia.org\/index.php?rest_route=\/wp\/v2\/pages"}],"about":[{"href":"https:\/\/www.unbarriounafamilia.org\/index.php?rest_route=\/wp\/v2\/types\/page"}],"author":[{"embeddable":true,"href":"https:\/\/www.unbarriounafamilia.org\/index.php?rest_route=\/wp\/v2\/users\/4"}],"replies":[{"embeddable":true,"href":"https:\/\/www.unbarriounafamilia.org\/index.php?rest_route=%2Fwp%2Fv2%2Fcomments&post=11298"}],"version-history":[{"count":15,"href":"https:\/\/www.unbarriounafamilia.org\/index.php?rest_route=\/wp\/v2\/pages\/11298\/revisions"}],"predecessor-version":[{"id":11500,"href":"https:\/\/www.unbarriounafamilia.org\/index.php?rest_route=\/wp\/v2\/pages\/11298\/revisions\/11500"}],"wp:attachment":[{"href":"https:\/\/www.unbarriounafamilia.org\/index.php?rest_route=%2Fwp%2Fv2%2Fmedia&parent=11298"}],"curies":[{"name":"wp","href":"https:\/\/api.w.org\/{rel}","templated":true}]}}