{"id":11471,"date":"2022-04-16T13:46:51","date_gmt":"2022-04-16T13:46:51","guid":{"rendered":"https:\/\/www.unbarriounafamilia.org\/?page_id=11471"},"modified":"2022-04-27T12:07:18","modified_gmt":"2022-04-27T12:07:18","slug":"que-puedo-hacer-yo","status":"publish","type":"page","link":"https:\/\/www.unbarriounafamilia.org\/?page_id=11471","title":{"rendered":"\u00bfQU\u00c9 PUEDO HACER YO?"},"content":{"rendered":"\n<ul class=\"wp-block-list\"><li>Donar a esta u otra ONG de las <a href=\"https:\/\/www.unbarriounafamilia.org\/?page_id=11474\"><strong>muchas que hay trabajando activamente<\/strong><\/a>.<\/li><li>Contribuir a la Asociaci\u00f3n Ucraniana \u00abDos Tierras Dos Soles\u00bb llevando bienes de primera necesidad a la calle Toledo n\u00ba8 de 17:00 a 19:00<\/li><li>Conseguir casa vac\u00edas o proporcionar alojamiento.<\/li><li>Implicar a mi barrio.<\/li><li>Colaborar con otros barrios.<\/li><li>Compartir la informaci\u00f3n del proyecto.<\/li><li>Participar en acciones puntuales como arreglos de las casas disponibles para la acogida, traslados de personas, ofrecer tus servicios profesionales de forma voluntaria, etc.<\/li><\/ul>\n\n\n\n<p>Estamos intentando contribuir a atender las necesidades de la gente que llega y seguir\u00e1 llegando, para que puedan acceder a alojamiento, comida, ropa, atenci\u00f3n m\u00e9dica y psicosocial, etc. Estamos buscando casas vac\u00edas que est\u00e9n en disposici\u00f3n de alojar familias de forma temporal, rehabilitando casas y tejiendo redes con las administraciones y otras entidades. Y lo m\u00e1s importante es que estamos intentando tratar a la gente como nos gustar\u00eda que nos tratasen si estuvi\u00e9semos en su lugar.<\/p>\n\n\n\n<p>Para todo ello no basta con la incre\u00edble implicaci\u00f3n desinteresada de las decenas de personas y entidades que est\u00e1n colaborando, por eso te invitamos a participar en esta importante labor, a donar a esta peque\u00f1a causa o a la que prefieras de las muchas que hemos intentado recopilar <a href=\"https:\/\/www.unbarriounafamilia.org\/?page_id=11474\"><strong>aqu\u00ed.<\/strong><\/a><\/p>\n\n\n\n<p>M\u00e1s informaci\u00f3n en <a href=\"mailto:info@unabarriounafamilia.org\"><strong>info@unbarriounafamilia.org<\/strong><\/a><\/p>\n\n\n\n<p>Para donaciones:<\/p>\n\n\n\n<p>N\u00ba de cuenta |&nbsp;<strong>ES94 3058 6104 7527 2051 2527<\/strong><br>Concepto |&nbsp;<strong>UBUF + (tu nombre)<\/strong><\/p>\n","protected":false},"excerpt":{"rendered":"<p>Donar a esta u otra ONG de las muchas que hay trabajando activamente. Contribuir a la Asociaci\u00f3n Ucraniana \u00abDos Tierras Dos Soles\u00bb llevando bienes de primera necesidad a la calle Toledo n\u00ba8 de 17:00 a 19:00 Conseguir casa vac\u00edas o proporcionar alojamiento. Implicar a mi barrio. Colaborar con otros barrios. Compartir la informaci\u00f3n del proyecto.<br \/><a class=\"moretag\" href=\"https:\/\/www.unbarriounafamilia.org\/?page_id=11471\">+ M\u00e1s informaci\u00f3n<\/a><\/p>\n","protected":false},"author":4,"featured_media":0,"parent":0,"menu_order":0,"comment_status":"closed","ping_status":"closed","template":"","meta":{"spay_email":"","footnotes":""},"class_list":["post-11471","page","type-page","status-publish","hentry"],"_links":{"self":[{"href":"https:\/\/www.unbarriounafamilia.org\/index.php?rest_route=\/wp\/v2\/pages\/11471","targetHints":{"allow":["GET"]}}],"collection":[{"href":"https:\/\/www.unbarriounafamilia.org\/index.php?rest_route=\/wp\/v2\/pages"}],"about":[{"href":"https:\/\/www.unbarriounafamilia.org\/index.php?rest_route=\/wp\/v2\/types\/page"}],"author":[{"embeddable":true,"href":"https:\/\/www.unbarriounafamilia.org\/index.php?rest_route=\/wp\/v2\/users\/4"}],"replies":[{"embeddable":true,"href":"https:\/\/www.unbarriounafamilia.org\/index.php?rest_route=%2Fwp%2Fv2%2Fcomments&post=11471"}],"version-history":[{"count":9,"href":"https:\/\/www.unbarriounafamilia.org\/index.php?rest_route=\/wp\/v2\/pages\/11471\/revisions"}],"predecessor-version":[{"id":11507,"href":"https:\/\/www.unbarriounafamilia.org\/index.php?rest_route=\/wp\/v2\/pages\/11471\/revisions\/11507"}],"wp:attachment":[{"href":"https:\/\/www.unbarriounafamilia.org\/index.php?rest_route=%2Fwp%2Fv2%2Fmedia&parent=11471"}],"curies":[{"name":"wp","href":"https:\/\/api.w.org\/{rel}","templated":true}]}}